{"id":1728,"date":"2026-03-27T11:26:13","date_gmt":"2026-03-27T03:26:13","guid":{"rendered":"https:\/\/www.mingchifrp.com\/?page_id=1728"},"modified":"2026-04-16T16:48:41","modified_gmt":"2026-04-16T08:48:41","slug":"anwendung","status":"publish","type":"page","link":"https:\/\/www.mingchifrp.com\/de\/anwendung\/","title":{"rendered":"Anwendungen"},"content":{"rendered":"\t\t<div data-elementor-type=\"wp-page\" data-elementor-id=\"1728\" class=\"elementor elementor-1728\" data-elementor-post-type=\"page\">\n\t\t\t\t<div class=\"elementor-element elementor-element-f89531e e-con-full e-flex e-con e-parent\" data-id=\"f89531e\" data-element_type=\"container\" data-e-type=\"container\" data-settings=\"{&quot;background_background&quot;:&quot;classic&quot;}\">\n\t\t\t\t<div class=\"elementor-element elementor-element-5f9082d elementor-widget elementor-widget-heading\" data-id=\"5f9082d\" data-element_type=\"widget\" data-e-type=\"widget\" data-widget_type=\"heading.default\">\n\t\t\t\t\t<h2 class=\"elementor-heading-title elementor-size-default\">FRP Application<\/h2>\t\t\t\t<\/div>\n\t\t\t\t<\/div>\n\t\t<div class=\"elementor-element elementor-element-ad140f8 e-flex e-con-boxed e-con e-parent\" data-id=\"ad140f8\" data-element_type=\"container\" data-e-type=\"container\">\n\t\t\t\t\t<div class=\"e-con-inner\">\n\t\t\t\t<div class=\"elementor-element elementor-element-55c7f3d elementor-widget elementor-widget-text-editor\" data-id=\"55c7f3d\" data-element_type=\"widget\" data-e-type=\"widget\" data-widget_type=\"text-editor.default\">\n\t\t\t\t\t\t\t\t\t<p>Owing to its exceptional characteristics including light weight, high strength, corrosion resistance, thermal insulation, and weatherability, <strong>FRP<\/strong> has become ubiquitous in modern life. Consequently, it is extensively applied in the construction sector. Below are several typical application scenarios.<\/p>\t\t\t\t\t\t\t\t<\/div>\n\t\t\t\t\t<\/div>\n\t\t\t\t<\/div>\n\t\t<div class=\"elementor-element elementor-element-b8184d8 e-flex e-con-boxed e-con e-parent\" data-id=\"b8184d8\" data-element_type=\"container\" data-e-type=\"container\">\n\t\t\t\t\t<div class=\"e-con-inner\">\n\t\t<div class=\"elementor-element elementor-element-682ef21 e-con-full e-flex e-con e-child\" data-id=\"682ef21\" data-element_type=\"container\" data-e-type=\"container\" data-settings=\"{&quot;background_background&quot;:&quot;classic&quot;}\">\n\t\t\t\t<div class=\"elementor-element elementor-element-4b90591 elementor-widget elementor-widget-heading\" data-id=\"4b90591\" data-element_type=\"widget\" data-e-type=\"widget\" data-widget_type=\"heading.default\">\n\t\t\t\t\t<h2 class=\"elementor-heading-title elementor-size-default\"><a href=\"https:\/\/www.mingchifrp.com\/industrial-solutions\/\">Industrial Solutions<\/a><\/h2>\t\t\t\t<\/div>\n\t\t\t\t<\/div>\n\t\t<div class=\"elementor-element elementor-element-6ae266f e-con-full e-flex e-con e-child\" data-id=\"6ae266f\" data-element_type=\"container\" data-e-type=\"container\">\n\t\t<div class=\"elementor-element elementor-element-3d75cc3 e-grid e-con-full e-con e-child\" data-id=\"3d75cc3\" data-element_type=\"container\" data-e-type=\"container\" data-settings=\"{&quot;background_background&quot;:&quot;classic&quot;}\">\n\t\t<div class=\"elementor-element elementor-element-8770fde e-con-full e-flex e-con e-child\" data-id=\"8770fde\" data-element_type=\"container\" data-e-type=\"container\" data-settings=\"{&quot;background_background&quot;:&quot;classic&quot;}\">\n\t\t\t\t<div class=\"elementor-element elementor-element-920b8b9 elementor-widget elementor-widget-heading\" data-id=\"920b8b9\" data-element_type=\"widget\" data-e-type=\"widget\" data-widget_type=\"heading.default\">\n\t\t\t\t\t<h2 class=\"elementor-heading-title elementor-size-default\"><a href=\"https:\/\/www.mingchifrp.com\/application\/agricultural-greenhouses\/\">Agricultural Greenhouses<\/a><\/h2>\t\t\t\t<\/div>\n\t\t\t\t<\/div>\n\t\t<div class=\"elementor-element elementor-element-e5282c3 e-con-full e-flex e-con e-child\" data-id=\"e5282c3\" data-element_type=\"container\" data-e-type=\"container\" data-settings=\"{&quot;background_background&quot;:&quot;classic&quot;}\">\n\t\t\t\t<div class=\"elementor-element elementor-element-2809117 elementor-widget elementor-widget-heading\" data-id=\"2809117\" data-element_type=\"widget\" data-e-type=\"widget\" data-widget_type=\"heading.default\">\n\t\t\t\t\t<h2 class=\"elementor-heading-title elementor-size-default\"><a href=\"https:\/\/www.mingchifrp.com\/infrastructure-projects\/\">Infrastructure Projects<\/a><\/h2>\t\t\t\t<\/div>\n\t\t\t\t<\/div>\n\t\t<div class=\"elementor-element elementor-element-6ff8602 e-con-full e-flex e-con e-child\" data-id=\"6ff8602\" data-element_type=\"container\" data-e-type=\"container\" data-settings=\"{&quot;background_background&quot;:&quot;classic&quot;}\">\n\t\t\t\t<div class=\"elementor-element elementor-element-1dec859 elementor-widget elementor-widget-heading\" data-id=\"1dec859\" data-element_type=\"widget\" data-e-type=\"widget\" data-widget_type=\"heading.default\">\n\t\t\t\t\t<h2 class=\"elementor-heading-title elementor-size-default\"><a href=\"https:\/\/www.mingchifrp.com\/marine-docks\/\">Marine &amp; Docks<\/a><\/h2>\t\t\t\t<\/div>\n\t\t\t\t<\/div>\n\t\t<div class=\"elementor-element elementor-element-87c4d05 e-con-full e-flex e-con e-child\" data-id=\"87c4d05\" data-element_type=\"container\" data-e-type=\"container\" data-settings=\"{&quot;background_background&quot;:&quot;classic&quot;}\">\n\t\t\t\t<div class=\"elementor-element elementor-element-e1e7eef elementor-widget elementor-widget-heading\" data-id=\"e1e7eef\" data-element_type=\"widget\" data-e-type=\"widget\" data-widget_type=\"heading.default\">\n\t\t\t\t\t<h2 class=\"elementor-heading-title elementor-size-default\"><a href=\"https:\/\/www.mingchifrp.com\/solar-renewable-energy\/\">Electrical &amp; Energy<\/a><\/h2>\t\t\t\t<\/div>\n\t\t\t\t<\/div>\n\t\t<div class=\"elementor-element elementor-element-fbbf2b3 e-con-full e-flex e-con e-child\" data-id=\"fbbf2b3\" data-element_type=\"container\" data-e-type=\"container\" data-settings=\"{&quot;background_background&quot;:&quot;classic&quot;}\">\n\t\t\t\t<div class=\"elementor-element elementor-element-1d08ca0 elementor-widget elementor-widget-heading\" data-id=\"1d08ca0\" data-element_type=\"widget\" data-e-type=\"widget\" data-widget_type=\"heading.default\">\n\t\t\t\t\t<h2 class=\"elementor-heading-title elementor-size-default\"><a href=\"https:\/\/www.mingchifrp.com\/water-chemical-processing\/\">Water &amp; Chemical<\/a><\/h2>\t\t\t\t<\/div>\n\t\t\t\t<\/div>\n\t\t<div class=\"elementor-element elementor-element-dc8d5a9 e-con-full e-flex e-con e-child\" data-id=\"dc8d5a9\" data-element_type=\"container\" data-e-type=\"container\" data-settings=\"{&quot;background_background&quot;:&quot;classic&quot;}\">\n\t\t\t\t<div class=\"elementor-element elementor-element-ad0ff9a elementor-widget elementor-widget-heading\" data-id=\"ad0ff9a\" data-element_type=\"widget\" data-e-type=\"widget\" data-widget_type=\"heading.default\">\n\t\t\t\t\t<h2 class=\"elementor-heading-title elementor-size-default\"><a href=\"https:\/\/www.mingchifrp.com\/safety-fencing-systems\/\">Car Wash Facilities<\/a><\/h2>\t\t\t\t<\/div>\n\t\t\t\t<\/div>\n\t\t\t\t<\/div>\n\t\t\t\t<\/div>\n\t\t\t\t\t<\/div>\n\t\t\t\t<\/div>\n\t\t<div class=\"elementor-element elementor-element-9d195d3 e-flex e-con-boxed e-con e-parent\" data-id=\"9d195d3\" data-element_type=\"container\" data-e-type=\"container\">\n\t\t\t\t\t<div class=\"e-con-inner\">\n\t\t\t\t<div class=\"elementor-element elementor-element-122675d elementor-widget elementor-widget-heading\" data-id=\"122675d\" data-element_type=\"widget\" data-e-type=\"widget\" data-widget_type=\"heading.default\">\n\t\t\t\t\t<p class=\"elementor-heading-title elementor-size-default\">Real time case photos\n<\/p>\t\t\t\t<\/div>\n\t\t\t\t\t<\/div>\n\t\t\t\t<\/div>\n\t\t<div class=\"elementor-element elementor-element-fc5a92b e-grid e-con-boxed e-con e-parent\" data-id=\"fc5a92b\" data-element_type=\"container\" data-e-type=\"container\">\n\t\t\t\t\t<div class=\"e-con-inner\">\n\t\t<div class=\"elementor-element elementor-element-aedaef6 e-con-full e-flex e-con e-child\" data-id=\"aedaef6\" data-element_type=\"container\" data-e-type=\"container\" data-settings=\"{&quot;background_background&quot;:&quot;classic&quot;}\">\n\t\t\t\t<\/div>\n\t\t<div class=\"elementor-element elementor-element-90c0143 e-con-full e-flex e-con e-child\" data-id=\"90c0143\" data-element_type=\"container\" data-e-type=\"container\" data-settings=\"{&quot;background_background&quot;:&quot;classic&quot;}\">\n\t\t\t\t<\/div>\n\t\t<div class=\"elementor-element elementor-element-d215e24 e-con-full e-flex e-con e-child\" data-id=\"d215e24\" data-element_type=\"container\" data-e-type=\"container\" data-settings=\"{&quot;background_background&quot;:&quot;classic&quot;}\">\n\t\t\t\t<\/div>\n\t\t<div class=\"elementor-element elementor-element-86af40b e-con-full e-flex e-con e-child\" data-id=\"86af40b\" data-element_type=\"container\" data-e-type=\"container\" data-settings=\"{&quot;background_background&quot;:&quot;classic&quot;}\">\n\t\t\t\t<\/div>\n\t\t<div class=\"elementor-element elementor-element-cc3969a e-con-full e-flex e-con e-child\" data-id=\"cc3969a\" data-element_type=\"container\" data-e-type=\"container\" data-settings=\"{&quot;background_background&quot;:&quot;classic&quot;}\">\n\t\t\t\t<\/div>\n\t\t<div class=\"elementor-element elementor-element-02e3fb3 e-con-full e-flex e-con e-child\" data-id=\"02e3fb3\" data-element_type=\"container\" data-e-type=\"container\" data-settings=\"{&quot;background_background&quot;:&quot;classic&quot;}\">\n\t\t\t\t<\/div>\n\t\t<div class=\"elementor-element elementor-element-18a4533 e-con-full e-flex e-con e-child\" data-id=\"18a4533\" data-element_type=\"container\" data-e-type=\"container\" data-settings=\"{&quot;background_background&quot;:&quot;classic&quot;}\">\n\t\t\t\t<\/div>\n\t\t<div class=\"elementor-element elementor-element-cecd409 e-con-full e-flex e-con e-child\" data-id=\"cecd409\" data-element_type=\"container\" data-e-type=\"container\" data-settings=\"{&quot;background_background&quot;:&quot;classic&quot;}\">\n\t\t\t\t<\/div>\n\t\t\t\t\t<\/div>\n\t\t\t\t<\/div>\n\t\t<div class=\"elementor-element elementor-element-7c60bb1 e-flex e-con-boxed e-con e-parent\" data-id=\"7c60bb1\" data-element_type=\"container\" data-e-type=\"container\">\n\t\t\t\t\t<div class=\"e-con-inner\">\n\t\t<div class=\"elementor-element elementor-element-4d60bc5 e-con-full e-flex e-con e-child\" data-id=\"4d60bc5\" data-element_type=\"container\" data-e-type=\"container\">\n\t\t\t\t<div class=\"elementor-element elementor-element-0015c94 elementor-widget__width-initial elementor-widget elementor-widget-text-editor\" data-id=\"0015c94\" data-element_type=\"widget\" data-e-type=\"widget\" data-widget_type=\"text-editor.default\">\n\t\t\t\t\t\t\t\t\t<p>Have any questions or need further advice on how FRP products fit your specific application scenarios?<\/p><p>Feel free to contact us anytime \u2014 we will provide you with a complete, tailored solution for your project.<\/p>\t\t\t\t\t\t\t\t<\/div>\n\t\t\t\t<\/div>\n\t\t<div class=\"elementor-element elementor-element-7ee45b2 e-con-full e-flex e-con e-child\" data-id=\"7ee45b2\" data-element_type=\"container\" data-e-type=\"container\">\n\t\t\t\t<div class=\"elementor-element elementor-element-1b430ee elementor-mobile-button-align-stretch elementor-widget-mobile__width-inherit elementor-button-align-stretch elementor-widget elementor-widget-form\" data-id=\"1b430ee\" data-element_type=\"widget\" data-e-type=\"widget\" data-settings=\"{&quot;step_next_label&quot;:&quot;Next&quot;,&quot;step_previous_label&quot;:&quot;Previous&quot;,&quot;button_width&quot;:&quot;25&quot;,&quot;button_width_tablet&quot;:&quot;40&quot;,&quot;button_width_mobile&quot;:&quot;100&quot;,&quot;step_type&quot;:&quot;number_text&quot;,&quot;step_icon_shape&quot;:&quot;circle&quot;}\" data-widget_type=\"form.default\">\n\t\t\t\t\t\t\t<form class=\"elementor-form\" method=\"post\" name=\"Discount Form\" aria-label=\"Discount Form\">\n\t\t\t<input type=\"hidden\" name=\"post_id\" value=\"1728\"\/>\n\t\t\t<input type=\"hidden\" name=\"form_id\" value=\"1b430ee\"\/>\n\t\t\t<input type=\"hidden\" name=\"referer_title\" value=\"FRP Applications | Mingchi FRP | Fiberglass Solutions for Industries\" \/>\n\n\t\t\t\t\t\t\t<input type=\"hidden\" name=\"queried_id\" value=\"1728\"\/>\n\t\t\t\n\t\t\t<div class=\"elementor-form-fields-wrapper elementor-labels-\">\n\t\t\t\t\t\t\t\t<div class=\"elementor-field-type-email elementor-field-group elementor-column elementor-field-group-email elementor-col-70 elementor-md-60 elementor-sm-100 elementor-field-required\">\n\t\t\t\t\t\t\t\t\t\t\t\t<label for=\"form-field-email\" class=\"elementor-field-label elementor-screen-only\">\n\t\t\t\t\t\t\t\tYour email\t\t\t\t\t\t\t<\/label>\n\t\t\t\t\t\t\t\t\t\t\t\t\t\t<input size=\"1\" type=\"email\" name=\"form_fields[email]\" id=\"form-field-email\" class=\"elementor-field elementor-size-md  elementor-field-textual\" placeholder=\"Your email\" required=\"required\">\n\t\t\t\t\t\t\t\t\t\t\t<\/div>\n\t\t\t\t\t\t\t\t<div class=\"elementor-field-type-text elementor-field-group elementor-column elementor-field-group-field_cf4dd62 elementor-col-100\">\n\t\t\t\t\t\t\t\t\t\t\t\t<label for=\"form-field-field_cf4dd62\" class=\"elementor-field-label elementor-screen-only\">\n\t\t\t\t\t\t\t\tDescribe\t\t\t\t\t\t\t<\/label>\n\t\t\t\t\t\t\t\t\t\t\t\t\t\t<input size=\"1\" type=\"text\" name=\"form_fields[field_cf4dd62]\" id=\"form-field-field_cf4dd62\" class=\"elementor-field elementor-size-md  elementor-field-textual\" placeholder=\"Tell us your project requirements and product needs here.\uff08We reply within 24 hours.\uff09\">\n\t\t\t\t\t\t\t\t\t\t\t<\/div>\n\t\t\t\t\t\t\t\t<div class=\"elementor-field-group elementor-column elementor-field-type-submit elementor-col-25 e-form__buttons elementor-md-40 elementor-sm-100\">\n\t\t\t\t\t<button class=\"elementor-button elementor-size-md\" type=\"submit\">\n\t\t\t\t\t\t<span class=\"elementor-button-content-wrapper\">\n\t\t\t\t\t\t\t\t\t\t\t\t\t\t\t\t\t\t\t\t\t\t<span class=\"elementor-button-text\">Submit<\/span>\n\t\t\t\t\t\t\t\t\t\t\t\t\t<\/span>\n\t\t\t\t\t<\/button>\n\t\t\t\t<\/div>\n\t\t\t<\/div>\n\t\t<\/form>\n\t\t\t\t\t\t<\/div>\n\t\t\t\t<\/div>\n\t\t\t\t\t<\/div>\n\t\t\t\t<\/div>\n\t\t\t\t<\/div>\n\t\t","protected":false},"excerpt":{"rendered":"<p>FRP Application Owing to its exceptional characteristics including light weight, high strength, corrosion resistance, thermal insulation, and weatherability, FRP has [&hellip;]<\/p>\n","protected":false},"author":1,"featured_media":1740,"parent":0,"menu_order":0,"comment_status":"closed","ping_status":"closed","template":"","meta":{"_acf_changed":false,"site-sidebar-layout":"no-sidebar","site-content-layout":"","ast-site-content-layout":"full-width-container","site-content-style":"default","site-sidebar-style":"default","ast-global-header-display":"","ast-banner-title-visibility":"","ast-main-header-display":"","ast-hfb-above-header-display":"","ast-hfb-below-header-display":"","ast-hfb-mobile-header-display":"","site-post-title":"","ast-breadcrumbs-content":"","ast-featured-img":"disabled","footer-sml-layout":"","ast-disable-related-posts":"","theme-transparent-header-meta":"","adv-header-id-meta":"","stick-header-meta":"","header-above-stick-meta":"","header-main-stick-meta":"","header-below-stick-meta":"","astra-migrate-meta-layouts":"default","ast-page-background-enabled":"default","ast-page-background-meta":{"desktop":{"background-color":"var(--ast-global-color-5)","background-image":"","background-repeat":"repeat","background-position":"center center","background-size":"auto","background-attachment":"scroll","background-type":"","background-media":"","overlay-type":"","overlay-color":"","overlay-opacity":"","overlay-gradient":""},"tablet":{"background-color":"","background-image":"","background-repeat":"repeat","background-position":"center center","background-size":"auto","background-attachment":"scroll","background-type":"","background-media":"","overlay-type":"","overlay-color":"","overlay-opacity":"","overlay-gradient":""},"mobile":{"background-color":"","background-image":"","background-repeat":"repeat","background-position":"center center","background-size":"auto","background-attachment":"scroll","background-type":"","background-media":"","overlay-type":"","overlay-color":"","overlay-opacity":"","overlay-gradient":""}},"ast-content-background-meta":{"desktop":{"background-color":"var(--ast-global-color-4)","background-image":"","background-repeat":"repeat","background-position":"center center","background-size":"auto","background-attachment":"scroll","background-type":"","background-media":"","overlay-type":"","overlay-color":"","overlay-opacity":"","overlay-gradient":""},"tablet":{"background-color":"var(--ast-global-color-4)","background-image":"","background-repeat":"repeat","background-position":"center center","background-size":"auto","background-attachment":"scroll","background-type":"","background-media":"","overlay-type":"","overlay-color":"","overlay-opacity":"","overlay-gradient":""},"mobile":{"background-color":"var(--ast-global-color-4)","background-image":"","background-repeat":"repeat","background-position":"center center","background-size":"auto","background-attachment":"scroll","background-type":"","background-media":"","overlay-type":"","overlay-color":"","overlay-opacity":"","overlay-gradient":""}},"footnotes":""},"class_list":["post-1728","page","type-page","status-publish","has-post-thumbnail","hentry"],"acf":[],"yoast_head":"<!-- This site is optimized with the Yoast SEO plugin v27.2 - https:\/\/yoast.com\/product\/yoast-seo-wordpress\/ -->\n<title>FRP Applications | Mingchi FRP | Fiberglass Solutions for Industries<\/title>\n<meta name=\"description\" content=\"Mingchi FRP supplies high-performance FRP grating &amp; profiles for industrial, marine, chemical, solar &amp; infrastructure projects worldwide.\" \/>\n<meta name=\"robots\" content=\"index, follow, max-snippet:-1, max-image-preview:large, max-video-preview:-1\" \/>\n<link rel=\"canonical\" href=\"https:\/\/www.mingchifrp.com\/de\/anwendung\/\" \/>\n<meta property=\"og:locale\" content=\"de_DE\" \/>\n<meta property=\"og:type\" content=\"article\" \/>\n<meta property=\"og:title\" content=\"FRP Applications | Mingchi FRP | Fiberglass Solutions for Industries\" \/>\n<meta property=\"og:description\" content=\"Mingchi FRP supplies high-performance FRP grating &amp; profiles for industrial, marine, chemical, solar &amp; infrastructure projects worldwide.\" \/>\n<meta property=\"og:url\" content=\"https:\/\/www.mingchifrp.com\/de\/anwendung\/\" \/>\n<meta property=\"og:site_name\" content=\"Mingchi New Materials\" \/>\n<meta property=\"article:publisher\" content=\"https:\/\/www.facebook.com\/share\/18M8LST2WL\/\" \/>\n<meta property=\"article:modified_time\" content=\"2026-04-16T08:48:41+00:00\" \/>\n<meta property=\"og:image\" content=\"http:\/\/www.mingchifrp.com\/wp-content\/uploads\/2026\/03\/Safety-Fencing-Systems.webp\" \/>\n\t<meta property=\"og:image:width\" content=\"383\" \/>\n\t<meta property=\"og:image:height\" content=\"384\" \/>\n\t<meta property=\"og:image:type\" content=\"image\/webp\" \/>\n<meta name=\"twitter:card\" content=\"summary_large_image\" \/>\n<meta name=\"twitter:label1\" content=\"Gesch\u00e4tzte Lesezeit\" \/>\n\t<meta name=\"twitter:data1\" content=\"1\u00a0Minute\" \/>\n<script type=\"application\/ld+json\" class=\"yoast-schema-graph\">{\"@context\":\"https:\/\/schema.org\",\"@graph\":[{\"@type\":[\"WebPage\",\"ItemPage\"],\"@id\":\"https:\/\/www.mingchifrp.com\/application\/\",\"url\":\"https:\/\/www.mingchifrp.com\/application\/\",\"name\":\"FRP Applications | Mingchi FRP | Fiberglass Solutions for Industries\",\"isPartOf\":{\"@id\":\"https:\/\/www.mingchifrp.com\/#website\"},\"primaryImageOfPage\":{\"@id\":\"https:\/\/www.mingchifrp.com\/application\/#primaryimage\"},\"image\":{\"@id\":\"https:\/\/www.mingchifrp.com\/application\/#primaryimage\"},\"thumbnailUrl\":\"https:\/\/www.mingchifrp.com\/wp-content\/uploads\/2026\/03\/Safety-Fencing-Systems.webp\",\"datePublished\":\"2026-03-27T03:26:13+00:00\",\"dateModified\":\"2026-04-16T08:48:41+00:00\",\"description\":\"Mingchi FRP supplies high-performance FRP grating & profiles for industrial, marine, chemical, solar & infrastructure projects worldwide.\",\"breadcrumb\":{\"@id\":\"https:\/\/www.mingchifrp.com\/application\/#breadcrumb\"},\"inLanguage\":\"de\",\"potentialAction\":[{\"@type\":\"ReadAction\",\"target\":[\"https:\/\/www.mingchifrp.com\/application\/\"]}]},{\"@type\":\"ImageObject\",\"inLanguage\":\"de\",\"@id\":\"https:\/\/www.mingchifrp.com\/application\/#primaryimage\",\"url\":\"https:\/\/www.mingchifrp.com\/wp-content\/uploads\/2026\/03\/Safety-Fencing-Systems.webp\",\"contentUrl\":\"https:\/\/www.mingchifrp.com\/wp-content\/uploads\/2026\/03\/Safety-Fencing-Systems.webp\",\"width\":383,\"height\":384,\"caption\":\"FRP Safety Fencing, Fiberglass Fence Profiles for Industrial Safety Barriers\"},{\"@type\":\"BreadcrumbList\",\"@id\":\"https:\/\/www.mingchifrp.com\/application\/#breadcrumb\",\"itemListElement\":[{\"@type\":\"ListItem\",\"position\":1,\"name\":\"\u9996\u9875\",\"item\":\"https:\/\/www.mingchifrp.com\/\"},{\"@type\":\"ListItem\",\"position\":2,\"name\":\"Applications\"}]},{\"@type\":\"WebSite\",\"@id\":\"https:\/\/www.mingchifrp.com\/#website\",\"url\":\"https:\/\/www.mingchifrp.com\/\",\"name\":\"Mingchi\",\"description\":\"\",\"publisher\":{\"@id\":\"https:\/\/www.mingchifrp.com\/#organization\"},\"potentialAction\":[{\"@type\":\"SearchAction\",\"target\":{\"@type\":\"EntryPoint\",\"urlTemplate\":\"https:\/\/www.mingchifrp.com\/?s={search_term_string}\"},\"query-input\":{\"@type\":\"PropertyValueSpecification\",\"valueRequired\":true,\"valueName\":\"search_term_string\"}}],\"inLanguage\":\"de\"},{\"@type\":\"Organization\",\"@id\":\"https:\/\/www.mingchifrp.com\/#organization\",\"name\":\"Mingchi\",\"url\":\"https:\/\/www.mingchifrp.com\/\",\"logo\":{\"@type\":\"ImageObject\",\"inLanguage\":\"de\",\"@id\":\"https:\/\/www.mingchifrp.com\/#\/schema\/logo\/image\/\",\"url\":\"https:\/\/www.mingchifrp.com\/wp-content\/uploads\/2026\/03\/logo-6060.png\",\"contentUrl\":\"https:\/\/www.mingchifrp.com\/wp-content\/uploads\/2026\/03\/logo-6060.png\",\"width\":60,\"height\":60,\"caption\":\"Mingchi\"},\"image\":{\"@id\":\"https:\/\/www.mingchifrp.com\/#\/schema\/logo\/image\/\"},\"sameAs\":[\"https:\/\/www.facebook.com\/share\/18M8LST2WL\/\"]}]}<\/script>\n<!-- \/ Yoast SEO plugin. -->","yoast_head_json":{"title":"FRP-Anwendungen | Mingchi FRP | Glasfaserl\u00f6sungen f\u00fcr Industrien","description":"Mingchi FRP liefert hochleistungsf\u00e4hige FRP-Roste und -Profile f\u00fcr industrielle, maritime, chemische, Solar- und Infrastrukturprojekte weltweit.","robots":{"index":"index","follow":"follow","max-snippet":"max-snippet:-1","max-image-preview":"max-image-preview:large","max-video-preview":"max-video-preview:-1"},"canonical":"https:\/\/www.mingchifrp.com\/de\/anwendung\/","og_locale":"de_DE","og_type":"article","og_title":"FRP Applications | Mingchi FRP | Fiberglass Solutions for Industries","og_description":"Mingchi FRP supplies high-performance FRP grating & profiles for industrial, marine, chemical, solar & infrastructure projects worldwide.","og_url":"https:\/\/www.mingchifrp.com\/de\/anwendung\/","og_site_name":"Mingchi New Materials","article_publisher":"https:\/\/www.facebook.com\/share\/18M8LST2WL\/","article_modified_time":"2026-04-16T08:48:41+00:00","og_image":[{"width":383,"height":384,"url":"http:\/\/www.mingchifrp.com\/wp-content\/uploads\/2026\/03\/Safety-Fencing-Systems.webp","type":"image\/webp"}],"twitter_card":"summary_large_image","twitter_misc":{"Gesch\u00e4tzte Lesezeit":"1\u00a0Minute"},"schema":{"@context":"https:\/\/schema.org","@graph":[{"@type":["WebPage","ItemPage"],"@id":"https:\/\/www.mingchifrp.com\/application\/","url":"https:\/\/www.mingchifrp.com\/application\/","name":"FRP-Anwendungen | Mingchi FRP | Glasfaserl\u00f6sungen f\u00fcr Industrien","isPartOf":{"@id":"https:\/\/www.mingchifrp.com\/#website"},"primaryImageOfPage":{"@id":"https:\/\/www.mingchifrp.com\/application\/#primaryimage"},"image":{"@id":"https:\/\/www.mingchifrp.com\/application\/#primaryimage"},"thumbnailUrl":"https:\/\/www.mingchifrp.com\/wp-content\/uploads\/2026\/03\/Safety-Fencing-Systems.webp","datePublished":"2026-03-27T03:26:13+00:00","dateModified":"2026-04-16T08:48:41+00:00","description":"Mingchi FRP liefert hochleistungsf\u00e4hige FRP-Roste und -Profile f\u00fcr industrielle, maritime, chemische, Solar- und Infrastrukturprojekte weltweit.","breadcrumb":{"@id":"https:\/\/www.mingchifrp.com\/application\/#breadcrumb"},"inLanguage":"de","potentialAction":[{"@type":"ReadAction","target":["https:\/\/www.mingchifrp.com\/application\/"]}]},{"@type":"ImageObject","inLanguage":"de","@id":"https:\/\/www.mingchifrp.com\/application\/#primaryimage","url":"https:\/\/www.mingchifrp.com\/wp-content\/uploads\/2026\/03\/Safety-Fencing-Systems.webp","contentUrl":"https:\/\/www.mingchifrp.com\/wp-content\/uploads\/2026\/03\/Safety-Fencing-Systems.webp","width":383,"height":384,"caption":"FRP Safety Fencing, Fiberglass Fence Profiles for Industrial Safety Barriers"},{"@type":"BreadcrumbList","@id":"https:\/\/www.mingchifrp.com\/application\/#breadcrumb","itemListElement":[{"@type":"ListItem","position":1,"name":"\u9996\u9875","item":"https:\/\/www.mingchifrp.com\/"},{"@type":"ListItem","position":2,"name":"Applications"}]},{"@type":"WebSite","@id":"https:\/\/www.mingchifrp.com\/#website","url":"https:\/\/www.mingchifrp.com\/","name":"\u00dcber Mingchi","description":"","publisher":{"@id":"https:\/\/www.mingchifrp.com\/#organization"},"potentialAction":[{"@type":"SearchAction","target":{"@type":"EntryPoint","urlTemplate":"https:\/\/www.mingchifrp.com\/?s={search_term_string}"},"query-input":{"@type":"PropertyValueSpecification","valueRequired":true,"valueName":"search_term_string"}}],"inLanguage":"de"},{"@type":"Organization","@id":"https:\/\/www.mingchifrp.com\/#organization","name":"\u00dcber Mingchi","url":"https:\/\/www.mingchifrp.com\/","logo":{"@type":"ImageObject","inLanguage":"de","@id":"https:\/\/www.mingchifrp.com\/#\/schema\/logo\/image\/","url":"https:\/\/www.mingchifrp.com\/wp-content\/uploads\/2026\/03\/logo-6060.png","contentUrl":"https:\/\/www.mingchifrp.com\/wp-content\/uploads\/2026\/03\/logo-6060.png","width":60,"height":60,"caption":"Mingchi"},"image":{"@id":"https:\/\/www.mingchifrp.com\/#\/schema\/logo\/image\/"},"sameAs":["https:\/\/www.facebook.com\/share\/18M8LST2WL\/"]}]}},"_links":{"self":[{"href":"https:\/\/www.mingchifrp.com\/de\/wp-json\/wp\/v2\/pages\/1728","targetHints":{"allow":["GET"]}}],"collection":[{"href":"https:\/\/www.mingchifrp.com\/de\/wp-json\/wp\/v2\/pages"}],"about":[{"href":"https:\/\/www.mingchifrp.com\/de\/wp-json\/wp\/v2\/types\/page"}],"author":[{"embeddable":true,"href":"https:\/\/www.mingchifrp.com\/de\/wp-json\/wp\/v2\/users\/1"}],"replies":[{"embeddable":true,"href":"https:\/\/www.mingchifrp.com\/de\/wp-json\/wp\/v2\/comments?post=1728"}],"version-history":[{"count":0,"href":"https:\/\/www.mingchifrp.com\/de\/wp-json\/wp\/v2\/pages\/1728\/revisions"}],"wp:featuredmedia":[{"embeddable":true,"href":"https:\/\/www.mingchifrp.com\/de\/wp-json\/wp\/v2\/media\/1740"}],"wp:attachment":[{"href":"https:\/\/www.mingchifrp.com\/de\/wp-json\/wp\/v2\/media?parent=1728"}],"curies":[{"name":"wp","href":"https:\/\/api.w.org\/{rel}","templated":true}]}}